{"id":14665,"date":"2022-11-14T16:11:24","date_gmt":"2022-11-14T21:11:24","guid":{"rendered":"https:\/\/www.presbyterianfoundation.org\/?page_id=14665"},"modified":"2025-05-20T11:32:32","modified_gmt":"2025-05-20T15:32:32","slug":"grant","status":"publish","type":"page","link":"https:\/\/presbyterianfoundation.louderstaging.com\/es\/resources\/church-financial-literacy-and-leadership-program\/grant\/","title":{"rendered":"Programa de Subvenciones para el Liderazgo Financiero de la Iglesia"},"content":{"rendered":"<div class=\"col-lg-12\">\n<p>Hay becas disponibles para ayudar a pastores y l\u00edderes de Nuevas Comunidades de Adoraci\u00f3n a asistir a oportunidades de educaci\u00f3n continua que les ayudar\u00e1n a guiar a sus congregaciones hacia la vitalidad financiera y misional. Se anima a los miembros del equipo de mayordom\u00eda de la iglesia a presentar la solicitud junto con sus pastores. Descargue y complete la solicitud de subvenci\u00f3n a continuaci\u00f3n. Las solicitudes ser\u00e1n revisadas y procesadas en funci\u00f3n de la disponibilidad de fondos. Las solicitudes de subvenci\u00f3n pueden tardar hasta cuatro semanas en procesarse.<\/p>\n<p>Se requiere documentaci\u00f3n adicional despu\u00e9s de asistir a su conferencia\/seminario de educaci\u00f3n continua.  Complete el Cuestionario posterior al evento que se encuentra a continuaci\u00f3n y env\u00edelo a la Fundaci\u00f3n Presbiteriana.<\/p>\n<p>LISTA DE ACTOS\/CURSOS PREAPROBADOS<\/p>\n<ol>\n<li><a href=\"https:\/\/stewardshipkaleidoscope.org\/\" target=\"_blank\" rel=\"noopener noreferrer\">Caleidoscopio de la administraci\u00f3n<\/a>Conferencia Presbiteriana sobre Mayordom\u00eda<\/li>\n<li><a href=\"http:\/\/philanthropy.iupui.edu\/institutes\/lake-institute\/index.html\" target=\"_blank\" rel=\"noopener noreferrer\">Certificado Ejecutivo en Recaudaci\u00f3n de Fondos Religiosos y Creaci\u00f3n de Culturas de Generosidad Congregacional<\/a>Instituto del Lago<\/li>\n<\/ol>\n<p>*Nota: Si hay alguna oportunidad de educaci\u00f3n financiera eclesi\u00e1stica que no aparezca en esta lista en la que le gustar\u00eda participar, ya sea en persona o en l\u00ednea, por favor solic\u00edtela y revisaremos su solicitud.<\/p>\n<\/div>","protected":false},"excerpt":{"rendered":"<p>Grants are available to assist pastors and New Worshiping Community leaders to attend continuing education opportunities which will help them in leading their congregations toward financial and missional vitality. Church [&hellip;]<\/p>\n","protected":false},"author":5,"featured_media":48069,"parent":14680,"menu_order":0,"comment_status":"closed","ping_status":"closed","template":"","meta":{"_acf_changed":false,"footnotes":""},"class_list":["post-14665","page","type-page","status-publish","has-post-thumbnail","hentry"],"acf":[],"aioseo_notices":[],"_links":{"self":[{"href":"https:\/\/presbyterianfoundation.louderstaging.com\/es\/wp-json\/wp\/v2\/pages\/14665","targetHints":{"allow":["GET"]}}],"collection":[{"href":"https:\/\/presbyterianfoundation.louderstaging.com\/es\/wp-json\/wp\/v2\/pages"}],"about":[{"href":"https:\/\/presbyterianfoundation.louderstaging.com\/es\/wp-json\/wp\/v2\/types\/page"}],"author":[{"embeddable":true,"href":"https:\/\/presbyterianfoundation.louderstaging.com\/es\/wp-json\/wp\/v2\/users\/5"}],"replies":[{"embeddable":true,"href":"https:\/\/presbyterianfoundation.louderstaging.com\/es\/wp-json\/wp\/v2\/comments?post=14665"}],"version-history":[{"count":6,"href":"https:\/\/presbyterianfoundation.louderstaging.com\/es\/wp-json\/wp\/v2\/pages\/14665\/revisions"}],"predecessor-version":[{"id":48216,"href":"https:\/\/presbyterianfoundation.louderstaging.com\/es\/wp-json\/wp\/v2\/pages\/14665\/revisions\/48216"}],"up":[{"embeddable":true,"href":"https:\/\/presbyterianfoundation.louderstaging.com\/es\/wp-json\/wp\/v2\/pages\/14680"}],"wp:featuredmedia":[{"embeddable":true,"href":"https:\/\/presbyterianfoundation.louderstaging.com\/es\/wp-json\/wp\/v2\/media\/48069"}],"wp:attachment":[{"href":"https:\/\/presbyterianfoundation.louderstaging.com\/es\/wp-json\/wp\/v2\/media?parent=14665"}],"curies":[{"name":"wp","href":"https:\/\/api.w.org\/{rel}","templated":true}]}}