{"id":14690,"date":"2022-11-15T09:22:41","date_gmt":"2022-11-15T14:22:41","guid":{"rendered":"https:\/\/www.presbyterianfoundation.org\/?page_id=14690"},"modified":"2022-12-09T13:19:02","modified_gmt":"2022-12-09T18:19:02","slug":"near-east-school-of-theology-nest","status":"publish","type":"page","link":"https:\/\/presbyterianfoundation.louderstaging.com\/es\/near-east-school-of-theology-nest\/","title":{"rendered":"Escuela de Teolog\u00eda del Cercano Oriente (NEST)"},"content":{"rendered":"<p><iframe loading=\"lazy\" src=\"https:\/\/player.vimeo.com\/video\/97293613?title=0&amp;byline=0\" width=\"640\" height=\"360\" frameborder=\"0\" allowfullscreen=\"allowfullscreen\"><\/iframe><br \/>\n<b>\"Estar\u00e9 en casa por Navidad\"<\/b><\/p>\n<p>As\u00ed empieza una famosa canci\u00f3n de la Segunda Guerra Mundial, que hizo famosa el cantante Bing Crosby. Se inspira en la situaci\u00f3n de los soldados que est\u00e1n lejos de casa en Navidad y expresa su deseo y anhelo de estar con sus familias. La Navidad es una \u00e9poca especial para que las familias est\u00e9n juntas. Adem\u00e1s de ser una ocasi\u00f3n religiosa para muchos, es sobre todo un acontecimiento familiar para quienes la celebran. Por eso la canci\u00f3n, cantada desde el punto de vista de un soldado lejos de casa, termina con una nota melanc\u00f3lica: \"Estar\u00e9 en casa por Navidad... \u00a1aunque s\u00f3lo sea en mis sue\u00f1os!\".<\/p>\n<p>A lo largo de los a\u00f1os, la mayor\u00eda, si no todos nuestros alumnos internos de la N.E.S.T., sol\u00edan volver a casa por Navidad. S\u00f3lo se quedaban aquellos que no pod\u00edan permitirse viajar a sus pa\u00edses de origen, pero nunca se daba el caso de que los estudiantes no pudieran volver a casa porque su hogar ya no existiera o porque fuera demasiado peligroso volver a casa. Casi todos nuestros alumnos sirios internos, que ahora constituyen la mayor\u00eda de nuestro alumnado, no volver\u00e1n a casa por Navidad, ya sea porque sus familias han sido desplazadas o porque es demasiado inseguro viajar de ida y vuelta. En muchas partes de Siria se libra una guerra civil, m\u00e1s a\u00fan, internacional. N.E.S.T. se ha convertido en su hogar lejos de casa.<br \/>\nQuiz\u00e1s los que no pueden ir a casa por Navidad entienden la historia del Evangelio y se la apropian mejor que el resto de nosotros que estamos en casa, o que podemos ir a casa, por Navidad. Porque el relato evang\u00e9lico de la Navidad nos dice claramente que Jes\u00fas no estaba en casa por Navidad. Su propio nacimiento no fue en casa, sino en otro lugar, en el camino, y no fue en circunstancias normales y agradables. Jes\u00fas no naci\u00f3 durante unas vacaciones familiares recorriendo la antigua Palestina. Su familia no hab\u00eda hecho reservas en ninguna posada; de hecho, los echaron porque \"no hab\u00eda sitio para ellos en la posada\". Y poco despu\u00e9s de su nacimiento, no pudieron regresar a su pueblo natal, sino que tuvieron que huir del todo para buscar asilo en Egipto, una vez m\u00e1s, porque la autoridad pol\u00edtica -el Estado- pretend\u00eda destruir al reci\u00e9n nacido. No s\u00f3lo la primera Navidad, sino varias m\u00e1s -no estamos seguros de cu\u00e1ntas- no se celebraron en casa.<\/p>\n<p>Lo m\u00e1s importante de la Navidad no es asegurarse de que la gente llegue a casa por Navidad; la cuesti\u00f3n no es estar en alg\u00fan lugar por Navidad, para que anhelemos, de forma sentimental y melanc\u00f3lica, como hace la canci\u00f3n, \"Estar\u00e9 en casa por Navidad, aunque s\u00f3lo sea en mis sue\u00f1os\". El sentido de la Navidad es estar con Cristo. \u00c9l es nuestro hogar, y el hogar est\u00e1 donde \u00c9l est\u00e1.<b><\/b><\/p>\n<p><b>\u00bfY d\u00f3nde est\u00e1 Cristo?<\/b><\/p>\n<p>El Evangelio nos dice muy claramente d\u00f3nde encontraremos siempre a Cristo: Porque tuve hambre, y me disteis de comer; tuve sed, y me disteis de beber; era forastero, y me acogisteis; estaba desnudo, y me vestisteis; enfermo, y me visitasteis; en la c\u00e1rcel, y vinisteis a verme. (Mt. 25, 35-36)<\/p>\n<p>Estar\u00e1s en casa por Navidad, \u00a1si est\u00e1s con el m\u00e1s peque\u00f1o de los hermanos de Cristo!<br \/>\nFeliz Navidad<\/p>\n<p>Dr. George Sabra, Presidente<\/p>\n<p><strong>Sab\u00e1tico de Estudios sobre Oriente Medio en Beirut<\/strong><\/p>\n<p>La Escuela de Teolog\u00eda de Oriente Pr\u00f3ximo ofrece un programa especial para pastores en a\u00f1o sab\u00e1tico que deseen familiarizarse y\/o profundizar sus conocimientos sobre las iglesias de Oriente Pr\u00f3ximo, el Islam y las relaciones entre cristianos y musulmanes.<\/p>\n<p>El programa, de 12 semanas de duraci\u00f3n, se desarrolla entre mediados de septiembre y mediados de diciembre en el campus de NEST, al oeste de Beirut. Los cursos estructurados sobre Iglesias Orientales Contempor\u00e1neas, Estudios Isl\u00e1micos e Interacciones Cristiano-Musulmanas incluyen visitas sobre el terreno, entrevistas y encuentros con l\u00edderes y organizaciones cristianas y musulmanas locales. Tambi\u00e9n se ofrecen visitas a instituciones ecum\u00e9nicas, interreligiosas, educativas, sociales y m\u00e9dicas de las iglesias de Oriente Medio. Todos los cursos se imparten en ingl\u00e9s.<\/p>\n<p>&nbsp;<\/p>\n<p>Para m\u00e1s informaci\u00f3n, p\u00f3ngase en contacto con el Dr. George Sabra, presidente, en <a href=\"\/es\/&\/#x6d;&#x61;&#x69;&#x6c;&#x74;&#x6f;&#x3a;&#x70;&#x72;&#x65;&#x73;&#x69;&#x64;&#x65;&#x6e;&#x74;&#x40;&#x74;&#x68;&#x65;&#x6f;&#x6e;&#101;&#115;&#116;&#46;&#101;&#100;&#117;&#46;&#108;&#98;\">president@theonest.edu.lb<\/a> o +961-1-354194.<\/p>","protected":false},"excerpt":{"rendered":"<p>\u201cI\u2019ll be Home for Christmas\u201d These are the opening words of a famous song from the World War II period, made famous by the singer Bing Crosby. It is inspired [&hellip;]<\/p>\n","protected":false},"author":5,"featured_media":14692,"parent":0,"menu_order":61,"comment_status":"closed","ping_status":"closed","template":"","meta":{"_acf_changed":false,"footnotes":""},"class_list":["post-14690","page","type-page","status-publish","has-post-thumbnail","hentry"],"acf":[],"aioseo_notices":[],"_links":{"self":[{"href":"https:\/\/presbyterianfoundation.louderstaging.com\/es\/wp-json\/wp\/v2\/pages\/14690","targetHints":{"allow":["GET"]}}],"collection":[{"href":"https:\/\/presbyterianfoundation.louderstaging.com\/es\/wp-json\/wp\/v2\/pages"}],"about":[{"href":"https:\/\/presbyterianfoundation.louderstaging.com\/es\/wp-json\/wp\/v2\/types\/page"}],"author":[{"embeddable":true,"href":"https:\/\/presbyterianfoundation.louderstaging.com\/es\/wp-json\/wp\/v2\/users\/5"}],"replies":[{"embeddable":true,"href":"https:\/\/presbyterianfoundation.louderstaging.com\/es\/wp-json\/wp\/v2\/comments?post=14690"}],"version-history":[{"count":0,"href":"https:\/\/presbyterianfoundation.louderstaging.com\/es\/wp-json\/wp\/v2\/pages\/14690\/revisions"}],"wp:featuredmedia":[{"embeddable":true,"href":"https:\/\/presbyterianfoundation.louderstaging.com\/es\/wp-json\/wp\/v2\/media\/14692"}],"wp:attachment":[{"href":"https:\/\/presbyterianfoundation.louderstaging.com\/es\/wp-json\/wp\/v2\/media?parent=14690"}],"curies":[{"name":"wp","href":"https:\/\/api.w.org\/{rel}","templated":true}]}}