{"id":14828,"date":"2022-12-12T13:30:15","date_gmt":"2022-12-12T18:30:15","guid":{"rendered":"https:\/\/www.presbyterianfoundation.org\/?page_id=14828"},"modified":"2023-10-26T15:58:42","modified_gmt":"2023-10-26T19:58:42","slug":"publicly-traded-securities","status":"publish","type":"page","link":"https:\/\/presbyterianfoundation.louderstaging.com\/es\/publicly-traded-securities\/","title":{"rendered":"Valores negociados p\u00fablicamente"},"content":{"rendered":"<div class=\"col-lg-12\">\n<p>Gracias por considerar una donaci\u00f3n irrevocable de valores a una causa presbiteriana. Agradecemos su generosidad. <strong>Ll\u00e1menos y h\u00e1blenos de su regalo. <\/strong><br \/>\n<strong>Puede llamarnos al 800-858-6127 ext. 3041 o enviarnos un correo electr\u00f3nico a <a href=\"\/es\/&\/#x6d;&#97;&#x69;&#108;t&#x6f;&#58;c&#x6c;&#105;&#x65;&#x6e;t&#x73;&#101;r&#x76;&#105;&#x63;&#x65;s&#x40;&#112;r&#x65;&#115;b&#x79;&#116;&#x65;&#114;i&#x61;&#110;f&#x6f;&#117;&#x6e;&#x64;a&#x74;&#105;o&#x6e;&#46;&#x6c;&#x6f;u&#x64;&#101;r&#x73;&#116;a&#x67;&#105;&#x6e;&#103;&#46;&#x63;&#111;m\">clientservices@presbyterianfoundation.louderstaging.com<\/a>.<\/strong><\/p>\n<h4>Aqu\u00ed tiene las instrucciones para realizar su operaci\u00f3n de valores:<\/h4>\n<p><strong>PASO 1:<\/strong> P\u00f3ngase en contacto con el <strong>Fundaci\u00f3n Presbiteriana<\/strong>Puede llamarnos al 800-858-6127 ext. 3041 o enviarnos un correo electr\u00f3nico a <a href=\"\/es\/&\/#x6d;&#x61;&#x69;&#108;&#116;o:&#x63;&#x6c;&#x69;&#101;&#110;ts&#x65;&#x72;&#x76;&#105;&#99;es&#x40;&#x70;&#x72;&#101;&#115;by&#x74;&#x65;&#x72;&#105;&#97;nf&#x6f;&#x75;&#x6e;&#100;&#97;&#116;i&#x6f;&#x6e;&#x2e;&#x6c;&#111;&#117;d&#x65;&#x72;&#x73;&#x74;&#97;&#103;in&#x67;&#x2e;&#x63;&#111;&#109;\">clientservices@presbyterianfoundation.louderstaging.com<\/a>. Estamos disponibles por tel\u00e9fono de 8 a 17 horas, de lunes a viernes, hora del Este. Estamos para servirle.<\/p>\n<p>Por favor, tenga a mano la siguiente informaci\u00f3n:<\/p>\n<ul>\n<li>Su nombre\/direcci\u00f3n\/n\u00famero de tel\u00e9fono de contacto, correo electr\u00f3nico<\/li>\n<li>Nombre de la entidad financiera\/intermediario que transfiere el activo<\/li>\n<li>Los valores que se donan y el n\u00famero aproximado de acciones<\/li>\n<li>Nombre del beneficiario<\/li>\n<li>N\u00famero de fondo beneficiario en la Fundaci\u00f3n Presbiteriana (si procede)<\/li>\n<li>Completed copy of the Donation Form, which can be found <a href=\"https:\/\/www.presbyterianfoundation.louderstaging.com\/wp-content\/uploads\/2021\/08\/donation-form-08.21-fillable.pdf\">aqu\u00ed<\/a>.<\/li>\n<li><\/li>\n<\/ul>\n<p><strong>PASO 2:<\/strong> Contact your financial institution\/broker and provide Securities Transfer Instructions for the Presbyterian Foundation.Note: We will provide you with detailed securities transfer instructions to share with your broker after we learn more about your gift as described above.<\/p>\n<h4><strong>Securities gifts take time to process. If you would like to claim your securities gift as a tax deduction in the current year, we recommend that you notify your financial institution\/broker that you want to donate these securities by December 16. This allows sufficient time to process your gift and record it as a transaction for the current year. Please make sure all other gift types are received by December 31.<\/strong><\/h4>\n<p>Estamos muy agradecidos por las formas en que compart\u00eds el amor de Cristo por el mundo, y muy honrados de que confi\u00e9is en nosotros para ayudaros y apoyaros. Que Dios os bendiga en los a\u00f1os venideros.<\/p>\n<\/div>","protected":false},"excerpt":{"rendered":"<p>Thank you for considering an irrevocable gift of securities to a Presbyterian cause! We are grateful for your generosity. Please call us and tell us about your gift. You can [&hellip;]<\/p>\n","protected":false},"author":5,"featured_media":14831,"parent":0,"menu_order":55,"comment_status":"closed","ping_status":"closed","template":"","meta":{"_acf_changed":false,"footnotes":""},"class_list":["post-14828","page","type-page","status-publish","has-post-thumbnail","hentry"],"acf":[],"aioseo_notices":[],"_links":{"self":[{"href":"https:\/\/presbyterianfoundation.louderstaging.com\/es\/wp-json\/wp\/v2\/pages\/14828","targetHints":{"allow":["GET"]}}],"collection":[{"href":"https:\/\/presbyterianfoundation.louderstaging.com\/es\/wp-json\/wp\/v2\/pages"}],"about":[{"href":"https:\/\/presbyterianfoundation.louderstaging.com\/es\/wp-json\/wp\/v2\/types\/page"}],"author":[{"embeddable":true,"href":"https:\/\/presbyterianfoundation.louderstaging.com\/es\/wp-json\/wp\/v2\/users\/5"}],"replies":[{"embeddable":true,"href":"https:\/\/presbyterianfoundation.louderstaging.com\/es\/wp-json\/wp\/v2\/comments?post=14828"}],"version-history":[{"count":0,"href":"https:\/\/presbyterianfoundation.louderstaging.com\/es\/wp-json\/wp\/v2\/pages\/14828\/revisions"}],"wp:featuredmedia":[{"embeddable":true,"href":"https:\/\/presbyterianfoundation.louderstaging.com\/es\/wp-json\/wp\/v2\/media\/14831"}],"wp:attachment":[{"href":"https:\/\/presbyterianfoundation.louderstaging.com\/es\/wp-json\/wp\/v2\/media?parent=14828"}],"curies":[{"name":"wp","href":"https:\/\/api.w.org\/{rel}","templated":true}]}}