{"id":44810,"date":"2023-10-16T13:57:58","date_gmt":"2023-10-16T17:57:58","guid":{"rendered":"https:\/\/www.presbyterianfoundation.org\/?page_id=44810"},"modified":"2024-05-14T14:23:34","modified_gmt":"2024-05-14T18:23:34","slug":"planned-giving","status":"publish","type":"page","link":"https:\/\/presbyterianfoundation.louderstaging.com\/es\/ways-to-give\/planned-giving\/","title":{"rendered":"Donaciones planificadas"},"content":{"rendered":"<div class=\"col-lg-12\">\n<p>Las donaciones planificadas no consisten en encontrar otra forma de conseguir el dinero de los miembros de la iglesia. Es una oportunidad para que todos devolvamos a Dios aquello que Dios nos confi\u00f3 durante nuestra vida. Tambi\u00e9n es una oportunidad para que todos fortalezcamos a\u00fan m\u00e1s la iglesia de Cristo para el futuro, proveyendo para el ministerio y la misi\u00f3n de los que vengan despu\u00e9s de nosotros.<\/p>\n<p>Todos nos apoyamos en los hombros de los que nos precedieron; seamos los hombros de los que vienen detr\u00e1s.<\/p>\n<p>Mucha gente cree que las donaciones planificadas son s\u00f3lo para los ricos. Las donaciones planificadas son para todos. Todos tenemos algo que dar y todos podemos dejar nuestro legado. La clave del \u00e9xito de un programa de donaciones planificadas en una iglesia es asegurarse de que sus miembros sepan que la iglesia quiere y necesita que sus miembros dejen un legado de fe para el futuro. Considerar una donaci\u00f3n planificada significa que uno est\u00e1 pensando en su propia mortalidad y eso no es algo en lo que a la mayor\u00eda de la gente le guste pensar. Por lo tanto, las iglesias deben mantener esta idea de dejar un legado de fe ante sus miembros para que, cuando llegue el momento y alguien est\u00e9 pensando en su legado, \u00a1lo primero que piense sea en dejar un legado de fe!<\/p>\n<p>Please let us know if you can use additional help. Your Ministry Relations Officer is here to serve you.<\/p>\n<\/div>","protected":false},"excerpt":{"rendered":"<p>Planned giving is not about finding another way to get church members\u2019 money. It is an opportunity for us all to return to God that which God entrusted us with [&hellip;]<\/p>\n","protected":false},"author":5,"featured_media":724,"parent":78,"menu_order":6,"comment_status":"closed","ping_status":"closed","template":"","meta":{"_acf_changed":false,"footnotes":""},"class_list":["post-44810","page","type-page","status-publish","has-post-thumbnail","hentry"],"acf":[],"aioseo_notices":[],"_links":{"self":[{"href":"https:\/\/presbyterianfoundation.louderstaging.com\/es\/wp-json\/wp\/v2\/pages\/44810","targetHints":{"allow":["GET"]}}],"collection":[{"href":"https:\/\/presbyterianfoundation.louderstaging.com\/es\/wp-json\/wp\/v2\/pages"}],"about":[{"href":"https:\/\/presbyterianfoundation.louderstaging.com\/es\/wp-json\/wp\/v2\/types\/page"}],"author":[{"embeddable":true,"href":"https:\/\/presbyterianfoundation.louderstaging.com\/es\/wp-json\/wp\/v2\/users\/5"}],"replies":[{"embeddable":true,"href":"https:\/\/presbyterianfoundation.louderstaging.com\/es\/wp-json\/wp\/v2\/comments?post=44810"}],"version-history":[{"count":2,"href":"https:\/\/presbyterianfoundation.louderstaging.com\/es\/wp-json\/wp\/v2\/pages\/44810\/revisions"}],"predecessor-version":[{"id":46070,"href":"https:\/\/presbyterianfoundation.louderstaging.com\/es\/wp-json\/wp\/v2\/pages\/44810\/revisions\/46070"}],"up":[{"embeddable":true,"href":"https:\/\/presbyterianfoundation.louderstaging.com\/es\/wp-json\/wp\/v2\/pages\/78"}],"wp:featuredmedia":[{"embeddable":true,"href":"https:\/\/presbyterianfoundation.louderstaging.com\/es\/wp-json\/wp\/v2\/media\/724"}],"wp:attachment":[{"href":"https:\/\/presbyterianfoundation.louderstaging.com\/es\/wp-json\/wp\/v2\/media?parent=44810"}],"curies":[{"name":"wp","href":"https:\/\/api.w.org\/{rel}","templated":true}]}}