{"id":45349,"date":"2023-11-30T15:21:52","date_gmt":"2023-11-30T20:21:52","guid":{"rendered":"https:\/\/www.presbyterianfoundation.org\/?page_id=45349"},"modified":"2023-11-30T15:32:25","modified_gmt":"2023-11-30T20:32:25","slug":"socially-responsible-investing-in-the-pcusa-a-webinar","status":"publish","type":"page","link":"https:\/\/presbyterianfoundation.louderstaging.com\/es\/socially-responsible-investing-in-the-pcusa-a-webinar\/","title":{"rendered":"Inversi\u00f3n socialmente responsable en el PC(USA): Un seminario web"},"content":{"rendered":"<p>\u00bfQu\u00e9 nos ha llamado Dios a hacer con todo lo que se nos ha confiado? Dios nos llama a ser buenos administradores, y eso significa hacer inversiones que sean coherentes con nuestros valores, as\u00ed como presionar a las empresas para que sean mejores ciudadanos del mundo. La Iglesia Presbiteriana (EE.UU.) hace ambas cosas, y la grabaci\u00f3n y los recursos que se ofrecen a continuaci\u00f3n son su oportunidad para aprender m\u00e1s.<\/p>\n<p>Durante este seminario web, escuchamos a Mission Responsibility through Investment, que empuja a las empresas a ser mejores ciudadanos del mundo, y a New Covenant Trust Company at the Presbyterian Foundation, que ofrece inversiones socialmente responsables. NCTC tambi\u00e9n repas\u00f3 los temas econ\u00f3micos que impulsaron los mercados en 2022 y comparti\u00f3 algunos consejos para los inversores de cara a lo que puede ser un a\u00f1o incierto en 2023. Este seminario web se celebr\u00f3 el 31 de enero a las 13:00 horas de la costa este (10:00 horas de la costa pac\u00edfica).<\/p>\n<p><strong>Recursos \u00fatiles<\/strong><\/p>\n<table>\n<tbody>\n<tr>\n<td width=\"208\"><img loading=\"lazy\" decoding=\"async\" class=\"alignnone size-full wp-image-45350\" src=\"https:\/\/www.presbyterianfoundation.louderstaging.com\/wp-content\/uploads\/2023\/11\/video-w.jpg\" alt=\"\" width=\"200\" height=\"150\" \/><\/td>\n<td width=\"208\">&nbsp;<\/td>\n<td width=\"208\"><img loading=\"lazy\" decoding=\"async\" class=\"alignnone size-full wp-image-45351\" src=\"https:\/\/www.presbyterianfoundation.louderstaging.com\/wp-content\/uploads\/2023\/11\/story-2.jpg\" alt=\"\" width=\"200\" height=\"150\" \/><\/td>\n<\/tr>\n<tr>\n<td width=\"208\"><a href=\"https:\/\/youtu.be\/h-qyWe9zCw0\" target=\"_blank\" rel=\"noopener\">Grabaci\u00f3n del seminario web<\/a><\/td>\n<td width=\"208\">&nbsp;<\/td>\n<td width=\"208\"><a href=\"https:\/\/presbyterianfoundation.louderstaging.com\/es\/resources\/news\/doing-well-while-doing-good-with-investments\/\">Noticias<\/a><\/td>\n<\/tr>\n<tr>\n<td width=\"208\">&nbsp;<\/td>\n<td width=\"208\">&nbsp;<\/td>\n<td width=\"208\">&nbsp;<\/td>\n<\/tr>\n<tr>\n<td width=\"208\"><img loading=\"lazy\" decoding=\"async\" class=\"alignnone size-full wp-image-45354\" src=\"https:\/\/www.presbyterianfoundation.louderstaging.com\/wp-content\/uploads\/2023\/11\/slides-mrti.jpg\" alt=\"\" width=\"200\" height=\"150\" \/><\/td>\n<td width=\"208\">&nbsp;<\/td>\n<td width=\"208\"><img loading=\"lazy\" decoding=\"async\" class=\"alignnone size-full wp-image-45353\" src=\"https:\/\/www.presbyterianfoundation.louderstaging.com\/wp-content\/uploads\/2023\/11\/slides-nctc.jpg\" alt=\"\" width=\"200\" height=\"150\" \/><\/td>\n<\/tr>\n<tr>\n<td width=\"208\"><a href=\"https:\/\/www.presbyterianfoundation.louderstaging.com\/wp-content\/uploads\/2023\/11\/2023.02.02-FINAL-Slides-for-FDN-NCTC-webinar.pdf\">Powerpoint MRTI<\/a><\/td>\n<td width=\"208\">&nbsp;<\/td>\n<td width=\"208\"><a href=\"https:\/\/www.presbyterianfoundation.louderstaging.com\/wp-content\/uploads\/2023\/11\/NCTC-Socially-Responsible-Investing-Webinar-F.pdf\">NCTC Powerpoint<\/a><\/td>\n<\/tr>\n<tr>\n<td width=\"208\">&nbsp;<\/td>\n<td width=\"208\">&nbsp;<\/td>\n<td width=\"208\">&nbsp;<\/td>\n<\/tr>\n<tr>\n<td width=\"208\"><img loading=\"lazy\" decoding=\"async\" class=\"alignnone size-full wp-image-45352\" src=\"https:\/\/www.presbyterianfoundation.louderstaging.com\/wp-content\/uploads\/2023\/11\/divestment-w.jpg\" alt=\"\" width=\"200\" height=\"150\" \/><\/td>\n<td width=\"208\">&nbsp;<\/td>\n<td width=\"208\">&nbsp;<\/td>\n<\/tr>\n<tr>\n<td width=\"208\"><a href=\"https:\/\/www.presbyterianfoundation.louderstaging.com\/wp-content\/uploads\/2023\/11\/APPROVED-MRTI-2023-GA-Long-Form-Divestment-List.pdf\">Lista de desinversiones<\/a><\/td>\n<td width=\"208\">&nbsp;<\/td>\n<td width=\"208\">&nbsp;<\/td>\n<\/tr>\n<\/tbody>\n<\/table>\n<p>&nbsp;<\/p>\n<table>\n<tbody>\n<tr>\n<td width=\"125\">\u00a0 <a href=\"https:\/\/www.presbyterianmission.org\/ministries\/mrti\/\"><img loading=\"lazy\" decoding=\"async\" class=\"aligncenter wp-image-45359\" src=\"https:\/\/www.presbyterianfoundation.louderstaging.com\/wp-content\/uploads\/2023\/11\/mrti-150x150-1.png\" alt=\"\" width=\"100\" height=\"100\" \/><\/a><\/td>\n<td width=\"125\">&nbsp;<\/td>\n<td width=\"125\"><a href=\"http:\/\/presbyterianfoundation.louderstaging.com\/es\/\"><img loading=\"lazy\" decoding=\"async\" class=\"aligncenter wp-image-45358\" src=\"https:\/\/www.presbyterianfoundation.louderstaging.com\/wp-content\/uploads\/2023\/11\/fdn-logo-150x150-1.png\" alt=\"\" width=\"100\" height=\"100\" \/><\/a><\/td>\n<td width=\"125\">&nbsp;<\/td>\n<td width=\"125\"><a href=\"https:\/\/newcovenanttrust.com\/\"><img loading=\"lazy\" decoding=\"async\" class=\"aligncenter wp-image-45360\" src=\"https:\/\/www.presbyterianfoundation.louderstaging.com\/wp-content\/uploads\/2023\/11\/nctc-logo-150x150-1.png\" alt=\"\" width=\"100\" height=\"100\" \/><\/a><\/td>\n<\/tr>\n<\/tbody>\n<\/table>","protected":false},"excerpt":{"rendered":"<p>What has God called us to do with all that is entrusted to us? God calls us to be good stewards, and that means making investments that are consistent with [&hellip;]<\/p>\n","protected":false},"author":5,"featured_media":45362,"parent":0,"menu_order":13,"comment_status":"closed","ping_status":"closed","template":"","meta":{"_acf_changed":false,"footnotes":""},"class_list":["post-45349","page","type-page","status-publish","has-post-thumbnail","hentry"],"acf":[],"aioseo_notices":[],"_links":{"self":[{"href":"https:\/\/presbyterianfoundation.louderstaging.com\/es\/wp-json\/wp\/v2\/pages\/45349","targetHints":{"allow":["GET"]}}],"collection":[{"href":"https:\/\/presbyterianfoundation.louderstaging.com\/es\/wp-json\/wp\/v2\/pages"}],"about":[{"href":"https:\/\/presbyterianfoundation.louderstaging.com\/es\/wp-json\/wp\/v2\/types\/page"}],"author":[{"embeddable":true,"href":"https:\/\/presbyterianfoundation.louderstaging.com\/es\/wp-json\/wp\/v2\/users\/5"}],"replies":[{"embeddable":true,"href":"https:\/\/presbyterianfoundation.louderstaging.com\/es\/wp-json\/wp\/v2\/comments?post=45349"}],"version-history":[{"count":3,"href":"https:\/\/presbyterianfoundation.louderstaging.com\/es\/wp-json\/wp\/v2\/pages\/45349\/revisions"}],"predecessor-version":[{"id":45366,"href":"https:\/\/presbyterianfoundation.louderstaging.com\/es\/wp-json\/wp\/v2\/pages\/45349\/revisions\/45366"}],"wp:featuredmedia":[{"embeddable":true,"href":"https:\/\/presbyterianfoundation.louderstaging.com\/es\/wp-json\/wp\/v2\/media\/45362"}],"wp:attachment":[{"href":"https:\/\/presbyterianfoundation.louderstaging.com\/es\/wp-json\/wp\/v2\/media?parent=45349"}],"curies":[{"name":"wp","href":"https:\/\/api.w.org\/{rel}","templated":true}]}}